{"id":2762,"date":"2022-09-27T08:47:34","date_gmt":"2022-09-27T06:47:34","guid":{"rendered":"https:\/\/www.esileconsulting.fr\/?page_id=2762"},"modified":"2024-01-17T14:05:53","modified_gmt":"2024-01-17T13:05:53","slug":"missions","status":"publish","type":"page","link":"https:\/\/www.esileconsulting.fr\/index.php\/missions\/","title":{"rendered":"Missions"},"content":{"rendered":"\t\t<div data-elementor-type=\"wp-page\" data-elementor-id=\"2762\" class=\"elementor elementor-2762\">\n\t\t\t\t\t\t<section class=\"elementor-section elementor-top-section elementor-element elementor-element-3fac039 elementor-section-full_width elementor-section-content-middle elementor-section-height-default elementor-section-height-default\" data-id=\"3fac039\" data-element_type=\"section\" data-e-type=\"section\">\n\t\t\t\t\t\t<div class=\"elementor-container elementor-column-gap-default\">\n\t\t\t\t\t<div class=\"elementor-column elementor-col-100 elementor-top-column elementor-element elementor-element-5fde41e\" data-id=\"5fde41e\" data-element_type=\"column\" data-e-type=\"column\">\n\t\t\t<div class=\"elementor-widget-wrap elementor-element-populated\">\n\t\t\t\t\t\t<div class=\"elementor-element elementor-element-31199ca elementor-absolute elementor-widget elementor-widget-heading\" data-id=\"31199ca\" data-element_type=\"widget\" data-e-type=\"widget\" data-settings=\"{&quot;_position&quot;:&quot;absolute&quot;}\" data-widget_type=\"heading.default\">\n\t\t\t\t<div class=\"elementor-widget-container\">\n\t\t\t\t\t<h2 class=\"elementor-heading-title elementor-size-default\">Exemples de missions<\/h2>\t\t\t\t<\/div>\n\t\t\t\t<\/div>\n\t\t\t\t\t<\/div>\n\t\t<\/div>\n\t\t\t\t\t<\/div>\n\t\t<\/section>\n\t\t\t\t<section class=\"elementor-section elementor-top-section elementor-element elementor-element-cbd43d2 elementor-section-full_width elementor-section-height-default elementor-section-height-default\" data-id=\"cbd43d2\" data-element_type=\"section\" data-e-type=\"section\">\n\t\t\t\t\t\t<div class=\"elementor-container elementor-column-gap-default\">\n\t\t\t\t\t<div class=\"elementor-column elementor-col-100 elementor-top-column elementor-element elementor-element-1cb0010\" data-id=\"1cb0010\" data-element_type=\"column\" data-e-type=\"column\">\n\t\t\t<div class=\"elementor-widget-wrap elementor-element-populated\">\n\t\t\t\t\t\t<div class=\"elementor-element elementor-element-6c60faa elementor-widget elementor-widget-text-editor\" data-id=\"6c60faa\" data-element_type=\"widget\" data-e-type=\"widget\" data-widget_type=\"text-editor.default\">\n\t\t\t\t<div class=\"elementor-widget-container\">\n\t\t\t\t\t\t\t\t\t<h4>Voici quelques exemples de missions qui peuvent \u00eatre envisag\u00e9es<\/h4>\t\t\t\t\t\t\t\t<\/div>\n\t\t\t\t<\/div>\n\t\t\t\t\t<\/div>\n\t\t<\/div>\n\t\t\t\t\t<\/div>\n\t\t<\/section>\n\t\t\t\t<section class=\"elementor-section elementor-top-section elementor-element elementor-element-c914fa2 elementor-section-full_width elementor-section-height-default elementor-section-height-default\" data-id=\"c914fa2\" data-element_type=\"section\" data-e-type=\"section\">\n\t\t\t\t\t\t<div class=\"elementor-container elementor-column-gap-default\">\n\t\t\t\t\t<div class=\"elementor-column elementor-col-100 elementor-top-column elementor-element elementor-element-bac83dd\" data-id=\"bac83dd\" data-element_type=\"column\" data-e-type=\"column\">\n\t\t\t<div class=\"elementor-widget-wrap elementor-element-populated\">\n\t\t\t\t\t\t<section class=\"elementor-section elementor-inner-section elementor-element elementor-element-fca52ee elementor-section-boxed elementor-section-height-default elementor-section-height-default\" data-id=\"fca52ee\" data-element_type=\"section\" data-e-type=\"section\">\n\t\t\t\t\t\t<div class=\"elementor-container elementor-column-gap-default\">\n\t\t\t\t\t<div class=\"elementor-column elementor-col-50 elementor-inner-column elementor-element elementor-element-fd93ae6\" data-id=\"fd93ae6\" data-element_type=\"column\" data-e-type=\"column\" data-settings=\"{&quot;background_background&quot;:&quot;classic&quot;}\">\n\t\t\t<div class=\"elementor-widget-wrap elementor-element-populated\">\n\t\t\t\t\t\t<div class=\"elementor-element elementor-element-8ce4eaf elementor-widget__width-inherit elementor-widget elementor-widget-image\" data-id=\"8ce4eaf\" data-element_type=\"widget\" data-e-type=\"widget\" data-widget_type=\"image.default\">\n\t\t\t\t<div class=\"elementor-widget-container\">\n\t\t\t\t\t\t\t\t\t\t\t\t\t\t\t<img fetchpriority=\"high\" decoding=\"async\" width=\"300\" height=\"300\" src=\"https:\/\/www.esileconsulting.fr\/wp-content\/uploads\/2022\/09\/PartFrance-300x300.png\" class=\"attachment-medium size-medium wp-image-2876\" alt=\"\" srcset=\"https:\/\/www.esileconsulting.fr\/wp-content\/uploads\/2022\/09\/PartFrance-300x300.png 300w, https:\/\/www.esileconsulting.fr\/wp-content\/uploads\/2022\/09\/PartFrance-1024x1024.png 1024w, https:\/\/www.esileconsulting.fr\/wp-content\/uploads\/2022\/09\/PartFrance-150x150.png 150w, https:\/\/www.esileconsulting.fr\/wp-content\/uploads\/2022\/09\/PartFrance-768x768.png 768w, https:\/\/www.esileconsulting.fr\/wp-content\/uploads\/2022\/09\/PartFrance.png 1195w\" sizes=\"(max-width: 300px) 100vw, 300px\" \/>\t\t\t\t\t\t\t\t\t\t\t\t\t\t\t<\/div>\n\t\t\t\t<\/div>\n\t\t\t\t\t<\/div>\n\t\t<\/div>\n\t\t\t\t<div class=\"elementor-column elementor-col-50 elementor-inner-column elementor-element elementor-element-fc2481f\" data-id=\"fc2481f\" data-element_type=\"column\" data-e-type=\"column\" data-settings=\"{&quot;background_background&quot;:&quot;classic&quot;}\">\n\t\t\t<div class=\"elementor-widget-wrap elementor-element-populated\">\n\t\t\t\t\t\t<div class=\"elementor-element elementor-element-d62f588 elementor-view-default elementor-widget elementor-widget-icon\" data-id=\"d62f588\" data-element_type=\"widget\" data-e-type=\"widget\" data-widget_type=\"icon.default\">\n\t\t\t\t<div class=\"elementor-widget-container\">\n\t\t\t\t\t\t\t<div class=\"elementor-icon-wrapper\">\n\t\t\t<div class=\"elementor-icon\">\n\t\t\t<i aria-hidden=\"true\" class=\"fas fa-sticky-note\"><\/i>\t\t\t<\/div>\n\t\t<\/div>\n\t\t\t\t\t\t<\/div>\n\t\t\t\t<\/div>\n\t\t\t\t<div class=\"elementor-element elementor-element-5bb4fa8 elementor-widget elementor-widget-text-editor\" data-id=\"5bb4fa8\" data-element_type=\"widget\" data-e-type=\"widget\" data-widget_type=\"text-editor.default\">\n\t\t\t\t<div class=\"elementor-widget-container\">\n\t\t\t\t\t\t\t\t\t<h1>TROUVER UN PARTENAIRE TECHNOLOGIQUE EN FRANCE<\/h1>\t\t\t\t\t\t\t\t<\/div>\n\t\t\t\t<\/div>\n\t\t\t\t<div class=\"elementor-element elementor-element-6242c1d elementor-widget elementor-widget-text-editor\" data-id=\"6242c1d\" data-element_type=\"widget\" data-e-type=\"widget\" data-widget_type=\"text-editor.default\">\n\t\t\t\t<div class=\"elementor-widget-container\">\n\t\t\t\t\t\t\t\t\t<h5>Vous cherchez un partenariat technologique sur le territoire fran\u00e7ais mais vous n\u2019\u00eates pas implant\u00e9 localement et n&#8217;avez pas les relais n\u00e9cessaires.\u00a0<\/h5><h5>\u21d2\u00a0En m&#8217;appuyant sur ma connaissance des r\u00e9seaux d&#8217;entreprises innovantes, je vous aiderai \u00e0 identifier les partenaires potentiels et \u00e0 entrer en contact avec eux afin d&#8217;\u00e9valuer le potentiel d&#8217;une collaboration puis de la mettre en place.<\/h5>\t\t\t\t\t\t\t\t<\/div>\n\t\t\t\t<\/div>\n\t\t\t\t\t<\/div>\n\t\t<\/div>\n\t\t\t\t\t<\/div>\n\t\t<\/section>\n\t\t\t\t\t<\/div>\n\t\t<\/div>\n\t\t\t\t\t<\/div>\n\t\t<\/section>\n\t\t\t\t<section class=\"elementor-section elementor-top-section elementor-element elementor-element-730dd9e elementor-section-full_width elementor-section-height-default elementor-section-height-default\" data-id=\"730dd9e\" data-element_type=\"section\" data-e-type=\"section\">\n\t\t\t\t\t\t<div class=\"elementor-container elementor-column-gap-default\">\n\t\t\t\t\t<div class=\"elementor-column elementor-col-100 elementor-top-column elementor-element elementor-element-293bb6c\" data-id=\"293bb6c\" data-element_type=\"column\" data-e-type=\"column\">\n\t\t\t<div class=\"elementor-widget-wrap elementor-element-populated\">\n\t\t\t\t\t\t<section class=\"elementor-section elementor-inner-section elementor-element elementor-element-b974528 elementor-section-boxed elementor-section-height-default elementor-section-height-default\" data-id=\"b974528\" data-element_type=\"section\" data-e-type=\"section\">\n\t\t\t\t\t\t<div class=\"elementor-container elementor-column-gap-default\">\n\t\t\t\t\t<div class=\"elementor-column elementor-col-50 elementor-inner-column elementor-element elementor-element-7a36562\" data-id=\"7a36562\" data-element_type=\"column\" data-e-type=\"column\" data-settings=\"{&quot;background_background&quot;:&quot;classic&quot;}\">\n\t\t\t<div class=\"elementor-widget-wrap elementor-element-populated\">\n\t\t\t\t\t\t<div class=\"elementor-element elementor-element-922b22a elementor-view-default elementor-widget elementor-widget-icon\" data-id=\"922b22a\" data-element_type=\"widget\" data-e-type=\"widget\" data-widget_type=\"icon.default\">\n\t\t\t\t<div class=\"elementor-widget-container\">\n\t\t\t\t\t\t\t<div class=\"elementor-icon-wrapper\">\n\t\t\t<div class=\"elementor-icon\">\n\t\t\t<i aria-hidden=\"true\" class=\"fas fa-sticky-note\"><\/i>\t\t\t<\/div>\n\t\t<\/div>\n\t\t\t\t\t\t<\/div>\n\t\t\t\t<\/div>\n\t\t\t\t<div class=\"elementor-element elementor-element-6b8786f elementor-widget elementor-widget-text-editor\" data-id=\"6b8786f\" data-element_type=\"widget\" data-e-type=\"widget\" data-widget_type=\"text-editor.default\">\n\t\t\t\t<div class=\"elementor-widget-container\">\n\t\t\t\t\t\t\t\t\t<h1>DEPLOYER UN MODELE DE LICENCES A L&#8217;INTERNATIONAL<\/h1>\t\t\t\t\t\t\t\t<\/div>\n\t\t\t\t<\/div>\n\t\t\t\t<div class=\"elementor-element elementor-element-0a91854 elementor-widget elementor-widget-text-editor\" data-id=\"0a91854\" data-element_type=\"widget\" data-e-type=\"widget\" data-widget_type=\"text-editor.default\">\n\t\t\t\t<div class=\"elementor-widget-container\">\n\t\t\t\t\t\t\t\t\t<h5>Vous avez d\u00e9velopp\u00e9 et industrialis\u00e9 avec succ\u00e8s un produit innovant sur le march\u00e9 europ\u00e9en et vous disposez d&#8217;une bonne base de Propri\u00e9t\u00e9 Industrielle. Vous pensez qu\u2019il pourrait \u00eatre commercialis\u00e9 dans d\u2019autres zones g\u00e9ographiques mais vous n\u2019envisagez pas d\u2019y d\u00e9velopper une structure industrielle. Le d\u00e9ploiement d\u2019un mod\u00e8le \u00e9conomique bas\u00e9 sur la concession de licences pourrait \u00eatre\u00a0 une approche int\u00e9ressante.\u00a0<\/h5><h5>\u21d2 Sur la base de mon exp\u00e9rience en la mati\u00e8re, nous pourrons d\u00e9finir ensemble les modalit\u00e9s d\u2019approche de vos march\u00e9s cibles ainsi que les conditions \u00e9conomiques et contractuelles vous permettant de valoriser au mieux ces transferts de technologies aupr\u00e8s de vos clients.<\/h5>\t\t\t\t\t\t\t\t<\/div>\n\t\t\t\t<\/div>\n\t\t\t\t\t<\/div>\n\t\t<\/div>\n\t\t\t\t<div class=\"elementor-column elementor-col-50 elementor-inner-column elementor-element elementor-element-748e4ef\" data-id=\"748e4ef\" data-element_type=\"column\" data-e-type=\"column\" data-settings=\"{&quot;background_background&quot;:&quot;classic&quot;}\">\n\t\t\t<div class=\"elementor-widget-wrap elementor-element-populated\">\n\t\t\t\t\t\t<div class=\"elementor-element elementor-element-5b61562 elementor-widget__width-inherit elementor-widget elementor-widget-image\" data-id=\"5b61562\" data-element_type=\"widget\" data-e-type=\"widget\" data-widget_type=\"image.default\">\n\t\t\t\t<div class=\"elementor-widget-container\">\n\t\t\t\t\t\t\t\t\t\t\t\t\t\t\t<img decoding=\"async\" width=\"300\" height=\"300\" src=\"https:\/\/www.esileconsulting.fr\/wp-content\/uploads\/2022\/09\/Monde-300x300.png\" class=\"attachment-medium size-medium wp-image-2811\" alt=\"\" srcset=\"https:\/\/www.esileconsulting.fr\/wp-content\/uploads\/2022\/09\/Monde-300x300.png 300w, https:\/\/www.esileconsulting.fr\/wp-content\/uploads\/2022\/09\/Monde-150x150.png 150w, https:\/\/www.esileconsulting.fr\/wp-content\/uploads\/2022\/09\/Monde.png 332w\" sizes=\"(max-width: 300px) 100vw, 300px\" \/>\t\t\t\t\t\t\t\t\t\t\t\t\t\t\t<\/div>\n\t\t\t\t<\/div>\n\t\t\t\t\t<\/div>\n\t\t<\/div>\n\t\t\t\t\t<\/div>\n\t\t<\/section>\n\t\t\t\t\t<\/div>\n\t\t<\/div>\n\t\t\t\t\t<\/div>\n\t\t<\/section>\n\t\t\t\t<section class=\"elementor-section elementor-top-section elementor-element elementor-element-23970d9 elementor-section-boxed elementor-section-height-default elementor-section-height-default\" data-id=\"23970d9\" data-element_type=\"section\" data-e-type=\"section\">\n\t\t\t\t\t\t<div class=\"elementor-container elementor-column-gap-default\">\n\t\t\t\t\t<div class=\"elementor-column elementor-col-100 elementor-top-column elementor-element elementor-element-4604c73\" data-id=\"4604c73\" data-element_type=\"column\" data-e-type=\"column\">\n\t\t\t<div class=\"elementor-widget-wrap elementor-element-populated\">\n\t\t\t\t\t\t<section class=\"elementor-section elementor-inner-section elementor-element elementor-element-3467620 elementor-section-content-middle elementor-section-boxed elementor-section-height-default elementor-section-height-default\" data-id=\"3467620\" data-element_type=\"section\" data-e-type=\"section\">\n\t\t\t\t\t\t<div class=\"elementor-container elementor-column-gap-default\">\n\t\t\t\t\t<div class=\"elementor-column elementor-col-50 elementor-inner-column elementor-element elementor-element-475565b\" data-id=\"475565b\" data-element_type=\"column\" data-e-type=\"column\" data-settings=\"{&quot;background_background&quot;:&quot;classic&quot;}\">\n\t\t\t<div class=\"elementor-widget-wrap elementor-element-populated\">\n\t\t\t\t\t\t<div class=\"elementor-element elementor-element-8cd7ee6 elementor-widget__width-inherit elementor-widget elementor-widget-image\" data-id=\"8cd7ee6\" data-element_type=\"widget\" data-e-type=\"widget\" data-widget_type=\"image.default\">\n\t\t\t\t<div class=\"elementor-widget-container\">\n\t\t\t\t\t\t\t\t\t\t\t\t\t\t\t<img decoding=\"async\" width=\"300\" height=\"300\" src=\"https:\/\/www.esileconsulting.fr\/wp-content\/uploads\/2022\/09\/Depart-300x300.png\" class=\"attachment-medium size-medium wp-image-2910\" alt=\"\" srcset=\"https:\/\/www.esileconsulting.fr\/wp-content\/uploads\/2022\/09\/Depart-300x300.png 300w, https:\/\/www.esileconsulting.fr\/wp-content\/uploads\/2022\/09\/Depart-150x150.png 150w, https:\/\/www.esileconsulting.fr\/wp-content\/uploads\/2022\/09\/Depart.png 353w\" sizes=\"(max-width: 300px) 100vw, 300px\" \/>\t\t\t\t\t\t\t\t\t\t\t\t\t\t\t<\/div>\n\t\t\t\t<\/div>\n\t\t\t\t\t<\/div>\n\t\t<\/div>\n\t\t\t\t<div class=\"elementor-column elementor-col-50 elementor-inner-column elementor-element elementor-element-6f48979\" data-id=\"6f48979\" data-element_type=\"column\" data-e-type=\"column\" data-settings=\"{&quot;background_background&quot;:&quot;classic&quot;}\">\n\t\t\t<div class=\"elementor-widget-wrap elementor-element-populated\">\n\t\t\t\t\t\t<div class=\"elementor-element elementor-element-008b1c7 elementor-view-default elementor-widget elementor-widget-icon\" data-id=\"008b1c7\" data-element_type=\"widget\" data-e-type=\"widget\" data-widget_type=\"icon.default\">\n\t\t\t\t<div class=\"elementor-widget-container\">\n\t\t\t\t\t\t\t<div class=\"elementor-icon-wrapper\">\n\t\t\t<div class=\"elementor-icon\">\n\t\t\t<i aria-hidden=\"true\" class=\"fas fa-sticky-note\"><\/i>\t\t\t<\/div>\n\t\t<\/div>\n\t\t\t\t\t\t<\/div>\n\t\t\t\t<\/div>\n\t\t\t\t<div class=\"elementor-element elementor-element-4ff1856 elementor-widget elementor-widget-text-editor\" data-id=\"4ff1856\" data-element_type=\"widget\" data-e-type=\"widget\" data-widget_type=\"text-editor.default\">\n\t\t\t\t<div class=\"elementor-widget-container\">\n\t\t\t\t\t\t\t\t\t<h1>INTERAGIR AVEC VOS CLIENTS EN PROTEGEANT VOS INNOVATIONS<\/h1>\t\t\t\t\t\t\t\t<\/div>\n\t\t\t\t<\/div>\n\t\t\t\t<div class=\"elementor-element elementor-element-ab656c9 elementor-widget elementor-widget-text-editor\" data-id=\"ab656c9\" data-element_type=\"widget\" data-e-type=\"widget\" data-widget_type=\"text-editor.default\">\n\t\t\t\t<div class=\"elementor-widget-container\">\n\t\t\t\t\t\t\t\t\t<h5>Vous \u00eates une jeune entreprise qui d\u00e9veloppe une technologie prometteuse pour laquelle vous avez obtenu des fonds publics qui vont vous permettre d\u2019en poursuivre la mise au point. De mani\u00e8re \u00e0 prendre le meilleur d\u00e9part, vous souhaitez assez rapidement vous projeter sur sa valorisation \u00e0 moyen\/long terme et sur la protection de vos id\u00e9es. Il est en effet toujours d\u00e9licat de partager des informations sur ses innovations dans les phases pr\u00e9liminaires de d\u00e9veloppement, mais il est important de pouvoir se confronter \u00e0 ses clients potentiels.\u00a0<\/h5><h5>\u21d2 En exploitant mes connaissances sur ces probl\u00e9matiques, nous pourrons d\u00e9finir d\u00e9finir la m\u00e9thodologie d\u2019approche de vos premiers clients, permettant d\u2019obtenir un retour concret sur les valeurs de votre technologie tout en pr\u00e9servant le niveau de confidentialit\u00e9 n\u00e9cessaire. En parall\u00e8le, nous mettrons en oeuvre les moyens permettant de vous garantir la protection adapt\u00e9e \u00e0 chaque \u00e9tape de d\u00e9veloppement.<\/h5>\t\t\t\t\t\t\t\t<\/div>\n\t\t\t\t<\/div>\n\t\t\t\t\t<\/div>\n\t\t<\/div>\n\t\t\t\t\t<\/div>\n\t\t<\/section>\n\t\t\t\t\t<\/div>\n\t\t<\/div>\n\t\t\t\t\t<\/div>\n\t\t<\/section>\n\t\t\t\t<section class=\"elementor-section elementor-top-section elementor-element elementor-element-ec98d85 elementor-section-full_width elementor-section-height-default elementor-section-height-default\" data-id=\"ec98d85\" data-element_type=\"section\" data-e-type=\"section\">\n\t\t\t\t\t\t<div class=\"elementor-container elementor-column-gap-default\">\n\t\t\t\t\t<div class=\"elementor-column elementor-col-100 elementor-top-column elementor-element elementor-element-05f7a88\" data-id=\"05f7a88\" data-element_type=\"column\" data-e-type=\"column\">\n\t\t\t<div class=\"elementor-widget-wrap elementor-element-populated\">\n\t\t\t\t\t\t<section class=\"elementor-section elementor-inner-section elementor-element elementor-element-f85b0c2 elementor-section-content-middle elementor-section-boxed elementor-section-height-default elementor-section-height-default\" data-id=\"f85b0c2\" data-element_type=\"section\" data-e-type=\"section\">\n\t\t\t\t\t\t<div class=\"elementor-container elementor-column-gap-default\">\n\t\t\t\t\t<div class=\"elementor-column elementor-col-50 elementor-inner-column elementor-element elementor-element-3056a0e\" data-id=\"3056a0e\" data-element_type=\"column\" data-e-type=\"column\" data-settings=\"{&quot;background_background&quot;:&quot;classic&quot;}\">\n\t\t\t<div class=\"elementor-widget-wrap elementor-element-populated\">\n\t\t\t\t\t\t<div class=\"elementor-element elementor-element-95b965d elementor-view-default elementor-widget elementor-widget-icon\" data-id=\"95b965d\" data-element_type=\"widget\" data-e-type=\"widget\" data-widget_type=\"icon.default\">\n\t\t\t\t<div class=\"elementor-widget-container\">\n\t\t\t\t\t\t\t<div class=\"elementor-icon-wrapper\">\n\t\t\t<div class=\"elementor-icon\">\n\t\t\t<i aria-hidden=\"true\" class=\"fas fa-sticky-note\"><\/i>\t\t\t<\/div>\n\t\t<\/div>\n\t\t\t\t\t\t<\/div>\n\t\t\t\t<\/div>\n\t\t\t\t<div class=\"elementor-element elementor-element-e62c2bc elementor-widget elementor-widget-text-editor\" data-id=\"e62c2bc\" data-element_type=\"widget\" data-e-type=\"widget\" data-widget_type=\"text-editor.default\">\n\t\t\t\t<div class=\"elementor-widget-container\">\n\t\t\t\t\t\t\t\t\t<h1>RESTRUCTURER VOTRE EQUIPE R&amp;D<\/h1>\t\t\t\t\t\t\t\t<\/div>\n\t\t\t\t<\/div>\n\t\t\t\t<div class=\"elementor-element elementor-element-3e4f4de elementor-widget elementor-widget-text-editor\" data-id=\"3e4f4de\" data-element_type=\"widget\" data-e-type=\"widget\" data-widget_type=\"text-editor.default\">\n\t\t\t\t<div class=\"elementor-widget-container\">\n\t\t\t\t\t\t\t\t\t<h5>Vous \u00eates une entreprise qui cherche \u00e0 renouveler son offre technologique et vous pensez que votre service R&amp;D n\u2019est pas en mesure de relever au mieux ce d\u00e9fi, malgr\u00e9 le d\u00e9ploiement de nouveaux moyens (par exemple la mise en \u0153uvre de diverses m\u00e9thodes de cr\u00e9ativit\u00e9). La dimension humaine est probablement le facteur cl\u00e9 de votre probl\u00e9matique.&nbsp;<\/h5>\n<h5>\u21d2 Ayant l&#8217;exp\u00e9rience de l&#8217;encadrement et l&#8217;animation d&#8217;\u00e9quipes de recherche, je pourrai vous accompagner dans une r\u00e9flexion focalis\u00e9e sur les \u00e9l\u00e9ments humains (comp\u00e9tences, profils de personnalit\u00e9, management et animation de l\u2019\u00e9quipe\u2026) afin de d\u00e9finir des solutions concr\u00e8tes qui permettront \u00e0 vos collaborateurs de s\u2019identifier au mieux \u00e0 vos d\u00e9fis et de les relever.<\/h5>\t\t\t\t\t\t\t\t<\/div>\n\t\t\t\t<\/div>\n\t\t\t\t\t<\/div>\n\t\t<\/div>\n\t\t\t\t<div class=\"elementor-column elementor-col-50 elementor-inner-column elementor-element elementor-element-38acce6\" data-id=\"38acce6\" data-element_type=\"column\" data-e-type=\"column\" data-settings=\"{&quot;background_background&quot;:&quot;classic&quot;}\">\n\t\t\t<div class=\"elementor-widget-wrap elementor-element-populated\">\n\t\t\t\t\t\t<div class=\"elementor-element elementor-element-fb51c7f elementor-widget__width-inherit elementor-widget elementor-widget-image\" data-id=\"fb51c7f\" data-element_type=\"widget\" data-e-type=\"widget\" data-widget_type=\"image.default\">\n\t\t\t\t<div class=\"elementor-widget-container\">\n\t\t\t\t\t\t\t\t\t\t\t\t\t\t\t<img loading=\"lazy\" decoding=\"async\" width=\"300\" height=\"223\" src=\"https:\/\/www.esileconsulting.fr\/wp-content\/uploads\/2022\/10\/EquipeRD2-300x223.png\" class=\"attachment-medium size-medium wp-image-3745\" alt=\"\" srcset=\"https:\/\/www.esileconsulting.fr\/wp-content\/uploads\/2022\/10\/EquipeRD2-300x223.png 300w, https:\/\/www.esileconsulting.fr\/wp-content\/uploads\/2022\/10\/EquipeRD2-768x570.png 768w, https:\/\/www.esileconsulting.fr\/wp-content\/uploads\/2022\/10\/EquipeRD2.png 860w\" sizes=\"(max-width: 300px) 100vw, 300px\" \/>\t\t\t\t\t\t\t\t\t\t\t\t\t\t\t<\/div>\n\t\t\t\t<\/div>\n\t\t\t\t\t<\/div>\n\t\t<\/div>\n\t\t\t\t\t<\/div>\n\t\t<\/section>\n\t\t\t\t\t<\/div>\n\t\t<\/div>\n\t\t\t\t\t<\/div>\n\t\t<\/section>\n\t\t\t\t<section class=\"elementor-section elementor-top-section elementor-element elementor-element-b1e4524 elementor-section-boxed elementor-section-height-default elementor-section-height-default\" data-id=\"b1e4524\" data-element_type=\"section\" data-e-type=\"section\">\n\t\t\t\t\t\t<div class=\"elementor-container elementor-column-gap-default\">\n\t\t\t\t\t<div class=\"elementor-column elementor-col-100 elementor-top-column elementor-element elementor-element-aa3a552\" data-id=\"aa3a552\" data-element_type=\"column\" data-e-type=\"column\">\n\t\t\t<div class=\"elementor-widget-wrap elementor-element-populated\">\n\t\t\t\t\t\t<div class=\"elementor-element elementor-element-af406e3 elementor-widget elementor-widget-image\" data-id=\"af406e3\" data-element_type=\"widget\" data-e-type=\"widget\" data-widget_type=\"image.default\">\n\t\t\t\t<div class=\"elementor-widget-container\">\n\t\t\t\t\t\t\t\t\t\t\t\t\t\t\t<img loading=\"lazy\" decoding=\"async\" width=\"300\" height=\"127\" src=\"https:\/\/www.esileconsulting.fr\/wp-content\/uploads\/2022\/09\/LogoDefinitif-2-300x127.png\" class=\"attachment-medium size-medium wp-image-2969\" alt=\"\" srcset=\"https:\/\/www.esileconsulting.fr\/wp-content\/uploads\/2022\/09\/LogoDefinitif-2-300x127.png 300w, https:\/\/www.esileconsulting.fr\/wp-content\/uploads\/2022\/09\/LogoDefinitif-2.png 606w\" sizes=\"(max-width: 300px) 100vw, 300px\" \/>\t\t\t\t\t\t\t\t\t\t\t\t\t\t\t<\/div>\n\t\t\t\t<\/div>\n\t\t\t\t\t<\/div>\n\t\t<\/div>\n\t\t\t\t\t<\/div>\n\t\t<\/section>\n\t\t\t\t<\/div>\n\t\t","protected":false},"excerpt":{"rendered":"<p>Exemples de missions Voici quelques exemples de missions qui peuvent \u00eatre envisag\u00e9es TROUVER UN PARTENAIRE TECHNOLOGIQUE EN FRANCE Vous cherchez un partenariat technologique sur le territoire fran\u00e7ais mais vous n\u2019\u00eates pas implant\u00e9 localement et n&#8217;avez pas les relais n\u00e9cessaires.\u00a0 \u21d2\u00a0En m&#8217;appuyant sur ma connaissance des r\u00e9seaux d&#8217;entreprises innovantes, je vous aiderai \u00e0 identifier les partenaires&hellip;<\/p>\n","protected":false},"author":1,"featured_media":0,"parent":0,"menu_order":0,"comment_status":"closed","ping_status":"closed","template":"","meta":{"footnotes":""},"class_list":["post-2762","page","type-page","status-publish","hentry"],"_links":{"self":[{"href":"https:\/\/www.esileconsulting.fr\/index.php\/wp-json\/wp\/v2\/pages\/2762","targetHints":{"allow":["GET"]}}],"collection":[{"href":"https:\/\/www.esileconsulting.fr\/index.php\/wp-json\/wp\/v2\/pages"}],"about":[{"href":"https:\/\/www.esileconsulting.fr\/index.php\/wp-json\/wp\/v2\/types\/page"}],"author":[{"embeddable":true,"href":"https:\/\/www.esileconsulting.fr\/index.php\/wp-json\/wp\/v2\/users\/1"}],"replies":[{"embeddable":true,"href":"https:\/\/www.esileconsulting.fr\/index.php\/wp-json\/wp\/v2\/comments?post=2762"}],"version-history":[{"count":544,"href":"https:\/\/www.esileconsulting.fr\/index.php\/wp-json\/wp\/v2\/pages\/2762\/revisions"}],"predecessor-version":[{"id":4214,"href":"https:\/\/www.esileconsulting.fr\/index.php\/wp-json\/wp\/v2\/pages\/2762\/revisions\/4214"}],"wp:attachment":[{"href":"https:\/\/www.esileconsulting.fr\/index.php\/wp-json\/wp\/v2\/media?parent=2762"}],"curies":[{"name":"wp","href":"https:\/\/api.w.org\/{rel}","templated":true}]}}